{"id":4,"date":"2015-06-02T14:03:38","date_gmt":"2015-06-02T13:03:38","guid":{"rendered":"http:\/\/test.soleillette.com\/?page_id=4"},"modified":"2024-04-16T18:21:20","modified_gmt":"2024-04-16T17:21:20","slug":"contact","status":"publish","type":"page","link":"https:\/\/soleillette.com\/?page_id=4","title":{"rendered":"Itin\u00e9raires &amp; contact"},"content":{"rendered":"<h3>Adresse:<\/h3>\n<h3><span style=\"color: #ff6600;\">La Soleillette<\/span><br \/><span style=\"color: #ff6600;\">151 impasse de la Soleillette,\u00a074250 Bog\u00e8ve<\/span><\/h3>\n<h3>Comment s&rsquo;y rendre:<\/h3>\n<p><a href=\"https:\/\/soleillette.com\/wp-content\/uploads\/2024\/04\/Itineraire-vehicule.pdf\">Itin\u00e9raire d\u00e9taill\u00e9 voiture<\/a><\/p>\n<p><a href=\"https:\/\/soleillette.com\/wp-content\/uploads\/2024\/04\/Itineraire-transport-publique-depuis-Geneve.pdf\">Itin\u00e9raire transport publique depuis Gen\u00e8ve ou Annemasse<\/a><\/p>\n<h3>Contact<\/h3>\n<h3><span style=\"color: #ff6600;\"><a style=\"color: #ff6600;\" href=\"mailto:lasoleillette@orange.fr\">lasoleillette<\/a>@orange.fr<\/span><\/h3>\n<p>Les demandes de disponibilit\u00e9s et de r\u00e9servations se font uniquement par mail.\u00a0<\/p>\n<p><strong>Pour r\u00e9server une chambre pour un stage<\/strong>, merci de prendre contact avec votre organisateur afin de lui transmettre le type de chambre souhait\u00e9e et si vous souhaitez ou non louer la literie sur place. Ce dernier nous transmettra la liste des demandes de tout le groupe au plus tard une semaine avant le stage.<\/p>\n\n\n<p><\/p>\n","protected":false},"excerpt":{"rendered":"<p>Adresse: La Soleillette151 impasse de la Soleillette,\u00a074250 Bog\u00e8ve Comment s&rsquo;y rendre: Itin\u00e9raire d\u00e9taill\u00e9 voiture Itin\u00e9raire transport publique depuis Gen\u00e8ve ou Annemasse Contact lasoleillette@orange.fr Les demandes de disponibilit\u00e9s et de r\u00e9servations se font uniquement par mail.\u00a0 Pour r\u00e9server une chambre pour un stage, merci de prendre contact avec votre organisateur afin de lui transmettre le type [&hellip;]<\/p>\n","protected":false},"author":1,"featured_media":0,"parent":0,"menu_order":0,"comment_status":"closed","ping_status":"closed","template":"","meta":{"footnotes":""},"_links":{"self":[{"href":"https:\/\/soleillette.com\/index.php?rest_route=\/wp\/v2\/pages\/4"}],"collection":[{"href":"https:\/\/soleillette.com\/index.php?rest_route=\/wp\/v2\/pages"}],"about":[{"href":"https:\/\/soleillette.com\/index.php?rest_route=\/wp\/v2\/types\/page"}],"author":[{"embeddable":true,"href":"https:\/\/soleillette.com\/index.php?rest_route=\/wp\/v2\/users\/1"}],"replies":[{"embeddable":true,"href":"https:\/\/soleillette.com\/index.php?rest_route=%2Fwp%2Fv2%2Fcomments&post=4"}],"version-history":[{"count":25,"href":"https:\/\/soleillette.com\/index.php?rest_route=\/wp\/v2\/pages\/4\/revisions"}],"predecessor-version":[{"id":9929,"href":"https:\/\/soleillette.com\/index.php?rest_route=\/wp\/v2\/pages\/4\/revisions\/9929"}],"wp:attachment":[{"href":"https:\/\/soleillette.com\/index.php?rest_route=%2Fwp%2Fv2%2Fmedia&parent=4"}],"curies":[{"name":"wp","href":"https:\/\/api.w.org\/{rel}","templated":true}]}}